{"id":22,"date":"2024-08-16T20:02:19","date_gmt":"2024-08-16T20:02:19","guid":{"rendered":"https:\/\/elifdenktas.com\/?page_id=22"},"modified":"2025-10-18T16:03:33","modified_gmt":"2025-10-18T16:03:33","slug":"home","status":"publish","type":"page","link":"https:\/\/elifdenktas.com\/?page_id=22","title":{"rendered":"Hakk\u0131mda"},"content":{"rendered":"\n<p>Ben <strong><em>Elif DENKTA\u015e<\/em><\/strong>, beslenme ve fonksiyonel t\u0131p sa\u011fl\u0131k ko\u00e7uyum.<\/p>\n\n\n\n<p>Sa\u011fl\u0131kl\u0131 ya\u015fam ve beslenme alan\u0131ndaki yolculu\u011fum, ki\u015fisel tutku ve profesyonel hedeflerle \u015fekillendi. Amac\u0131m, dan\u0131\u015fanlar\u0131m\u0131n yaln\u0131zca beslenme al\u0131\u015fkanl\u0131klar\u0131n\u0131 de\u011fil; beden, zihin ve ya\u015fam bi\u00e7imlerini b\u00fct\u00fcnsel olarak d\u00f6n\u00fc\u015ft\u00fcrmelerine rehberlik etmek.<\/p>\n\n\n\n<p>Akademik ge\u00e7mi\u015fim ve uluslararas\u0131 e\u011fitimlerim, bu yolculu\u011fun temelini olu\u015fturuyor:<\/p>\n\n\n\n<ul class=\"wp-block-list\">\n<li><strong>Atat\u00fcrk \u00dcniversitesi, Biyoloji Fak\u00fcltesi (Lisans)<\/strong><\/li>\n\n\n\n<li><strong>Atat\u00fcrk \u00dcniversitesi, E\u011fitim Fak\u00fcltesi (Y\u00fcksek Lisans)<\/strong><\/li>\n\n\n\n<li><strong>Atat\u00fcrk \u00dcniversitesi, T\u0131p Fak\u00fcltesi, Mikrobiyoloji (Y\u00fcksek Lisans)<\/strong><\/li>\n<\/ul>\n\n\n\n<p>Profesyonel olarak \u0130ngiltere\u2019de e\u011fitimlerimi s\u00fcrd\u00fcrd\u00fcm ve uzmanl\u0131\u011f\u0131m\u0131 derinle\u015ftirdim:<\/p>\n\n\n\n<ul class=\"wp-block-list\">\n<li><strong>Diet and Nutrition Advisor Diploma (Beslenme ve Diyet Dan\u0131\u015fmanl\u0131\u011f\u0131)<\/strong><\/li>\n\n\n\n<li><strong>Ketogenic Diet Diploma (Ketojenik Beslenme)<\/strong><\/li>\n\n\n\n<li><strong>Intermittent Fasting Diploma (Aral\u0131kl\u0131 Oru\u00e7 Beslenmesi)<\/strong><\/li>\n<\/ul>\n\n\n\n<p>Daha sonra <strong>Fonksiyonel T\u0131p<\/strong> alan\u0131nda kendimi geli\u015ftirmek i\u00e7in, <strong>Fonksiyonel T\u0131bb\u0131n \u00f6nc\u00fclerinden Dr. Mark Hyman\u2019\u0131n kurucusu oldu\u011fu Functional Medicine Coaching Academy, Chicago<\/strong>\u2019da e\u011fitim alarak <strong>Fonksiyonel T\u0131p Sa\u011fl\u0131k Ko\u00e7u<\/strong> unvan\u0131n\u0131 kazand\u0131m. Bu e\u011fitim, bana bilimsel temelli, uygulanabilir ve s\u00fcrd\u00fcr\u00fclebilir sa\u011fl\u0131k \u00e7\u00f6z\u00fcmleri sunma kapasitesi kazand\u0131rd\u0131.<\/p>\n\n\n\n<hr class=\"wp-block-separator has-alpha-channel-opacity\"\/>\n\n\n\n<h3 class=\"wp-block-heading\"><strong>Yakla\u015f\u0131m\u0131m<\/strong><\/h3>\n\n\n\n<p>Her dan\u0131\u015fan\u0131 kendine \u00f6zg\u00fc bir b\u00fct\u00fcn olarak ele al\u0131yorum:<\/p>\n\n\n\n<ul class=\"wp-block-list\">\n<li>Beden, zihin ve ya\u015fam al\u0131\u015fkanl\u0131klar\u0131n\u0131 bir b\u00fct\u00fcn olarak de\u011ferlendiriyorum<\/li>\n\n\n\n<li>Bilimsel temelli ve g\u00fcncel \u00e7\u00f6z\u00fcmler sunuyorum<\/li>\n\n\n\n<li>S\u00fcrd\u00fcr\u00fclebilir, hayatla uyumlu ve ger\u00e7ek d\u00f6n\u00fc\u015f\u00fcm sa\u011flayan y\u00f6ntemlerle rehberlik ediyorum<\/li>\n<\/ul>\n\n\n\n<p>Benim i\u00e7in \u00f6nemli olan, dan\u0131\u015fanlar\u0131m\u0131n k\u0131sa s\u00fcreli \u00e7\u00f6z\u00fcmler yerine uzun vadeli sa\u011fl\u0131k ve ya\u015fam kalitesi kazanmas\u0131d\u0131r.<\/p>\n\n\n\n<hr class=\"wp-block-separator has-alpha-channel-opacity\"\/>\n\n\n\n<h3 class=\"wp-block-heading\"><strong>Vizyonum<\/strong><\/h3>\n\n\n\n<p>Amac\u0131m, her dan\u0131\u015fan\u0131n kendi ya\u015fam\u0131nda sa\u011fl\u0131kl\u0131 ve dengeli bir d\u00f6n\u00fc\u015f\u00fcm yaratmas\u0131na yard\u0131mc\u0131 olmak. Fonksiyonel t\u0131p bak\u0131\u015f a\u00e7\u0131s\u0131 ve bilimsel yakla\u015f\u0131m, t\u00fcm s\u00fcre\u00e7lerimde yol g\u00f6sterici. Her ge\u00e7en g\u00fcn, bu bilgileri payla\u015farak daha fazla ki\u015fiye ula\u015fmay\u0131 ve hayatlar\u0131n\u0131 iyile\u015ftirmeyi hedefliyorum.<\/p>\n\n\n\n<p><strong>Bizler, sevdik\u00e7e, iyili\u011fi yayd\u0131k\u00e7a, iyi olduk\u00e7a her \u015fey \u00e7ok g\u00fczel olacak.<\/strong><\/p>\n","protected":false},"excerpt":{"rendered":"<p>Ben Elif DENKTA\u015e, beslenme ve fonksiyonel t\u0131p sa\u011fl\u0131k ko\u00e7uyum. Sa\u011fl\u0131kl\u0131 ya\u015fam ve beslenme alan\u0131ndaki yolculu\u011fum, ki\u015fisel tutku ve profesyonel hedeflerle [&hellip;]<\/p>\n","protected":false},"author":1,"featured_media":0,"parent":0,"menu_order":1,"comment_status":"closed","ping_status":"closed","template":"","meta":{"saved_in_kubio":false,"site-sidebar-layout":"default","site-content-layout":"","ast-site-content-layout":"default","site-content-style":"default","site-sidebar-style":"default","ast-global-header-display":"","ast-banner-title-visibility":"","ast-main-header-display":"","ast-hfb-above-header-display":"","ast-hfb-below-header-display":"","ast-hfb-mobile-header-display":"","site-post-title":"","ast-breadcrumbs-content":"","ast-featured-img":"","footer-sml-layout":"","theme-transparent-header-meta":"default","adv-header-id-meta":"","stick-header-meta":"","header-above-stick-meta":"","header-main-stick-meta":"","header-below-stick-meta":"","astra-migrate-meta-layouts":"set","ast-page-background-enabled":"default","ast-page-background-meta":{"desktop":{"background-color":"var(--ast-global-color-5)","background-image":"","background-repeat":"repeat","background-position":"center center","background-size":"auto","background-attachment":"scroll","background-type":"","background-media":"","overlay-type":"","overlay-color":"","overlay-opacity":"","overlay-gradient":""},"tablet":{"background-color":"","background-image":"","background-repeat":"repeat","background-position":"center center","background-size":"auto","background-attachment":"scroll","background-type":"","background-media":"","overlay-type":"","overlay-color":"","overlay-opacity":"","overlay-gradient":""},"mobile":{"background-color":"","background-image":"","background-repeat":"repeat","background-position":"center center","background-size":"auto","background-attachment":"scroll","background-type":"","background-media":"","overlay-type":"","overlay-color":"","overlay-opacity":"","overlay-gradient":""}},"ast-content-background-meta":{"desktop":{"background-color":"var(--ast-global-color-4)","background-image":"","background-repeat":"repeat","background-position":"center center","background-size":"auto","background-attachment":"scroll","background-type":"","background-media":"","overlay-type":"","overlay-color":"","overlay-opacity":"","overlay-gradient":""},"tablet":{"background-color":"var(--ast-global-color-4)","background-image":"","background-repeat":"repeat","background-position":"center center","background-size":"auto","background-attachment":"scroll","background-type":"","background-media":"","overlay-type":"","overlay-color":"","overlay-opacity":"","overlay-gradient":""},"mobile":{"background-color":"var(--ast-global-color-4)","background-image":"","background-repeat":"repeat","background-position":"center center","background-size":"auto","background-attachment":"scroll","background-type":"","background-media":"","overlay-type":"","overlay-color":"","overlay-opacity":"","overlay-gradient":""}},"footnotes":""},"class_list":["post-22","page","type-page","status-publish","hentry"],"kubio_ai_page_context":{"short_desc":"","purpose":"general"},"_links":{"self":[{"href":"https:\/\/elifdenktas.com\/index.php?rest_route=\/wp\/v2\/pages\/22","targetHints":{"allow":["GET"]}}],"collection":[{"href":"https:\/\/elifdenktas.com\/index.php?rest_route=\/wp\/v2\/pages"}],"about":[{"href":"https:\/\/elifdenktas.com\/index.php?rest_route=\/wp\/v2\/types\/page"}],"author":[{"embeddable":true,"href":"https:\/\/elifdenktas.com\/index.php?rest_route=\/wp\/v2\/users\/1"}],"replies":[{"embeddable":true,"href":"https:\/\/elifdenktas.com\/index.php?rest_route=%2Fwp%2Fv2%2Fcomments&post=22"}],"version-history":[{"count":9,"href":"https:\/\/elifdenktas.com\/index.php?rest_route=\/wp\/v2\/pages\/22\/revisions"}],"predecessor-version":[{"id":320,"href":"https:\/\/elifdenktas.com\/index.php?rest_route=\/wp\/v2\/pages\/22\/revisions\/320"}],"wp:attachment":[{"href":"https:\/\/elifdenktas.com\/index.php?rest_route=%2Fwp%2Fv2%2Fmedia&parent=22"}],"curies":[{"name":"wp","href":"https:\/\/api.w.org\/{rel}","templated":true}]}}